{"id":578,"date":"2025-01-28T15:32:35","date_gmt":"2025-01-28T14:32:35","guid":{"rendered":"https:\/\/outils.appa.asso.fr\/?post_type=product&#038;p=578"},"modified":"2025-08-06T14:14:41","modified_gmt":"2025-08-06T12:14:41","slug":"affiche-a4-pollution-de-lair-quelles-sont-les-sources-na","status":"publish","type":"product","link":"https:\/\/outils.appa.asso.fr\/?product=affiche-a4-pollution-de-lair-quelles-sont-les-sources-na","title":{"rendered":"Affiche A4 \u00ab\u00a0Pollution de l&rsquo;air : quelles sont les sources ?\u00a0\u00bb NA"},"content":{"rendered":"<p>Affiche avec la mention \u00ab\u00a0Imprim\u00e9 gr\u00e2ce \u00e0 : ARS Nouvelle-Aquitaine\u00a0\u00bb<\/p>\n","protected":false},"excerpt":{"rendered":"<p>Affiche avec la mention \u00ab\u00a0Imprim\u00e9 gr\u00e2ce \u00e0 : ARS Nouvelle-Aquitaine\u00a0\u00bb<\/p>\n","protected":false},"featured_media":579,"comment_status":"open","ping_status":"closed","template":"","meta":[],"product_cat":[18,19],"product_tag":[],"class_list":{"0":"post-578","1":"product","2":"type-product","3":"status-publish","4":"has-post-thumbnail","6":"product_cat-air-exterieur-hdf","7":"product_cat-air-interieur","9":"first","10":"instock","11":"shipping-taxable","12":"purchasable","13":"product-type-simple"},"_links":{"self":[{"href":"https:\/\/outils.appa.asso.fr\/index.php?rest_route=\/wp\/v2\/product\/578","targetHints":{"allow":["GET"]}}],"collection":[{"href":"https:\/\/outils.appa.asso.fr\/index.php?rest_route=\/wp\/v2\/product"}],"about":[{"href":"https:\/\/outils.appa.asso.fr\/index.php?rest_route=\/wp\/v2\/types\/product"}],"replies":[{"embeddable":true,"href":"https:\/\/outils.appa.asso.fr\/index.php?rest_route=%2Fwp%2Fv2%2Fcomments&post=578"}],"wp:featuredmedia":[{"embeddable":true,"href":"https:\/\/outils.appa.asso.fr\/index.php?rest_route=\/wp\/v2\/media\/579"}],"wp:attachment":[{"href":"https:\/\/outils.appa.asso.fr\/index.php?rest_route=%2Fwp%2Fv2%2Fmedia&parent=578"}],"wp:term":[{"taxonomy":"product_cat","embeddable":true,"href":"https:\/\/outils.appa.asso.fr\/index.php?rest_route=%2Fwp%2Fv2%2Fproduct_cat&post=578"},{"taxonomy":"product_tag","embeddable":true,"href":"https:\/\/outils.appa.asso.fr\/index.php?rest_route=%2Fwp%2Fv2%2Fproduct_tag&post=578"}],"curies":[{"name":"wp","href":"https:\/\/api.w.org\/{rel}","templated":true}]}}